{"id":7,"date":"2026-04-30T15:14:15","date_gmt":"2026-04-30T18:14:15","guid":{"rendered":"https:\/\/adicione.net\/premiere\/?page_id=7"},"modified":"2026-04-30T15:43:41","modified_gmt":"2026-04-30T18:43:41","slug":"cartao-virtual-premiere","status":"publish","type":"page","link":"https:\/\/adicione.net\/premiere\/cartao-virtual-premiere\/","title":{"rendered":"Cart\u00e3o Virtual Premi\u00e9re"},"content":{"rendered":"\t\t<div data-elementor-type=\"wp-page\" data-elementor-id=\"7\" class=\"elementor elementor-7\" data-elementor-settings=\"[]\">\n\t\t\t\t\t\t\t<div class=\"elementor-section-wrap\">\n\t\t\t\t\t\t\t<section class=\"has_ae_slider elementor-section elementor-top-section elementor-element elementor-element-3356b4a elementor-section-full_width elementor-section-height-default elementor-section-height-default ae-bg-gallery-type-default\" data-id=\"3356b4a\" data-element_type=\"section\">\n\t\t\t\t\t\t<div class=\"elementor-container elementor-column-gap-no\">\n\t\t\t\t\t<div class=\"has_ae_slider elementor-column elementor-col-100 elementor-top-column elementor-element elementor-element-1f2412e ae-bg-gallery-type-default\" data-id=\"1f2412e\" data-element_type=\"column\">\n\t\t\t<div class=\"elementor-widget-wrap elementor-element-populated\">\n\t\t\t\t\t\t\t\t<section class=\"has_ae_slider elementor-section elementor-inner-section elementor-element elementor-element-f973649 elementor-section-boxed elementor-section-height-default elementor-section-height-default ae-bg-gallery-type-default\" data-id=\"f973649\" data-element_type=\"section\">\n\t\t\t\t\t\t<div class=\"elementor-container elementor-column-gap-default\">\n\t\t\t\t\t<div class=\"has_ae_slider elementor-column elementor-col-100 elementor-inner-column elementor-element elementor-element-ce1713b ae-bg-gallery-type-default\" data-id=\"ce1713b\" data-element_type=\"column\">\n\t\t\t<div class=\"elementor-widget-wrap elementor-element-populated\">\n\t\t\t\t\t\t\t\t<div class=\"elementor-element elementor-element-0ae51a0 elementor-widget elementor-widget-image\" data-id=\"0ae51a0\" data-element_type=\"widget\" data-widget_type=\"image.default\">\n\t\t\t\t<div class=\"elementor-widget-container\">\n\t\t\t<style>\/*! elementor - v3.5.3 - 28-12-2021 *\/\n.elementor-widget-image{text-align:center}.elementor-widget-image a{display:inline-block}.elementor-widget-image a img[src$=\".svg\"]{width:48px}.elementor-widget-image img{vertical-align:middle;display:inline-block}<\/style>\t\t\t\t\t\t\t\t\t\t\t\t<img loading=\"lazy\" decoding=\"async\" width=\"141\" height=\"80\" src=\"https:\/\/adicione.net\/premiere\/wp-content\/uploads\/sites\/34\/2026\/04\/logo.png\" class=\"attachment-large size-large\" alt=\"\" \/>\t\t\t\t\t\t\t\t\t\t\t\t\t\t\t<\/div>\n\t\t\t\t<\/div>\n\t\t\t\t\t<\/div>\n\t\t<\/div>\n\t\t\t\t\t\t\t<\/div>\n\t\t<\/section>\n\t\t\t\t\t<\/div>\n\t\t<\/div>\n\t\t\t\t\t\t\t<\/div>\n\t\t<\/section>\n\t\t\t\t<section class=\"has_ae_slider elementor-section elementor-top-section elementor-element elementor-element-de4409e elementor-section-full_width elementor-section-height-default elementor-section-height-default ae-bg-gallery-type-default\" data-id=\"de4409e\" data-element_type=\"section\">\n\t\t\t\t\t\t<div class=\"elementor-container elementor-column-gap-no\">\n\t\t\t\t\t<div class=\"has_ae_slider elementor-column elementor-col-100 elementor-top-column elementor-element elementor-element-d202818 ae-bg-gallery-type-default\" data-id=\"d202818\" data-element_type=\"column\">\n\t\t\t<div class=\"elementor-widget-wrap elementor-element-populated\">\n\t\t\t\t\t\t\t\t<section class=\"has_ae_slider elementor-section elementor-inner-section elementor-element elementor-element-766e652 elementor-section-boxed elementor-section-height-default elementor-section-height-default ae-bg-gallery-type-default\" data-id=\"766e652\" data-element_type=\"section\">\n\t\t\t\t\t\t<div class=\"elementor-container elementor-column-gap-default\">\n\t\t\t\t\t<div class=\"has_ae_slider elementor-column elementor-col-100 elementor-inner-column elementor-element elementor-element-11e91b1 ae-bg-gallery-type-default\" data-id=\"11e91b1\" data-element_type=\"column\">\n\t\t\t<div class=\"elementor-widget-wrap elementor-element-populated\">\n\t\t\t\t\t\t\t\t<div class=\"elementor-element elementor-element-6f32206 elementor-widget elementor-widget-heading\" data-id=\"6f32206\" data-element_type=\"widget\" data-widget_type=\"heading.default\">\n\t\t\t\t<div class=\"elementor-widget-container\">\n\t\t\t<style>\/*! elementor - v3.5.3 - 28-12-2021 *\/\n.elementor-heading-title{padding:0;margin:0;line-height:1}.elementor-widget-heading .elementor-heading-title[class*=elementor-size-]>a{color:inherit;font-size:inherit;line-height:inherit}.elementor-widget-heading .elementor-heading-title.elementor-size-small{font-size:15px}.elementor-widget-heading .elementor-heading-title.elementor-size-medium{font-size:19px}.elementor-widget-heading .elementor-heading-title.elementor-size-large{font-size:29px}.elementor-widget-heading .elementor-heading-title.elementor-size-xl{font-size:39px}.elementor-widget-heading .elementor-heading-title.elementor-size-xxl{font-size:59px}<\/style><h2 class=\"elementor-heading-title elementor-size-default\">Clique nos \u00edcones para interagir!<\/h2>\t\t<\/div>\n\t\t\t\t<\/div>\n\t\t\t\t\t<\/div>\n\t\t<\/div>\n\t\t\t\t\t\t\t<\/div>\n\t\t<\/section>\n\t\t\t\t<section class=\"has_ae_slider elementor-section elementor-inner-section elementor-element elementor-element-a5685fc elementor-section-boxed elementor-section-height-default elementor-section-height-default ae-bg-gallery-type-default\" data-id=\"a5685fc\" data-element_type=\"section\">\n\t\t\t\t\t\t<div class=\"elementor-container elementor-column-gap-default\">\n\t\t\t\t\t<div class=\"has_ae_slider elementor-column elementor-col-50 elementor-inner-column elementor-element elementor-element-c9c08c1 ae-bg-gallery-type-default\" data-id=\"c9c08c1\" data-element_type=\"column\">\n\t\t\t<div class=\"elementor-widget-wrap elementor-element-populated\">\n\t\t\t\t\t\t\t\t<div class=\"elementor-element elementor-element-5a35988 elementor-widget elementor-widget-button\" data-id=\"5a35988\" data-element_type=\"widget\" data-widget_type=\"button.default\">\n\t\t\t\t<div class=\"elementor-widget-container\">\n\t\t\t\t\t<div class=\"elementor-button-wrapper\">\n\t\t\t<a href=\"https:\/\/pt-br.facebook.com\/PremiereMedicina\" target=\"_blank\" class=\"elementor-button-link elementor-button elementor-size-sm\" role=\"button\">\n\t\t\t\t\t\t<span class=\"elementor-button-content-wrapper\">\n\t\t\t\t\t\t<span class=\"elementor-button-icon elementor-align-icon-left\">\n\t\t\t\t<i aria-hidden=\"true\" class=\"fab fa-facebook-f\"><\/i>\t\t\t<\/span>\n\t\t\t\t\t\t<span class=\"elementor-button-text\">Facebook<\/span>\n\t\t<\/span>\n\t\t\t\t\t<\/a>\n\t\t<\/div>\n\t\t\t\t<\/div>\n\t\t\t\t<\/div>\n\t\t\t\t\t<\/div>\n\t\t<\/div>\n\t\t\t\t<div class=\"has_ae_slider elementor-column elementor-col-50 elementor-inner-column elementor-element elementor-element-23f4027 ae-bg-gallery-type-default\" data-id=\"23f4027\" data-element_type=\"column\">\n\t\t\t<div class=\"elementor-widget-wrap elementor-element-populated\">\n\t\t\t\t\t\t\t\t<div class=\"elementor-element elementor-element-6b913a5 elementor-widget elementor-widget-button\" data-id=\"6b913a5\" data-element_type=\"widget\" data-widget_type=\"button.default\">\n\t\t\t\t<div class=\"elementor-widget-container\">\n\t\t\t\t\t<div class=\"elementor-button-wrapper\">\n\t\t\t<a href=\"https:\/\/www.instagram.com\/premieremedicina\/\" target=\"_blank\" class=\"elementor-button-link elementor-button elementor-size-sm\" role=\"button\">\n\t\t\t\t\t\t<span class=\"elementor-button-content-wrapper\">\n\t\t\t\t\t\t<span class=\"elementor-button-icon elementor-align-icon-left\">\n\t\t\t\t<i aria-hidden=\"true\" class=\"fab fa-instagram\"><\/i>\t\t\t<\/span>\n\t\t\t\t\t\t<span class=\"elementor-button-text\">Instagram<\/span>\n\t\t<\/span>\n\t\t\t\t\t<\/a>\n\t\t<\/div>\n\t\t\t\t<\/div>\n\t\t\t\t<\/div>\n\t\t\t\t\t<\/div>\n\t\t<\/div>\n\t\t\t\t\t\t\t<\/div>\n\t\t<\/section>\n\t\t\t\t<section class=\"has_ae_slider elementor-section elementor-inner-section elementor-element elementor-element-90d7a7e elementor-section-boxed elementor-section-height-default elementor-section-height-default ae-bg-gallery-type-default\" data-id=\"90d7a7e\" data-element_type=\"section\">\n\t\t\t\t\t\t<div class=\"elementor-container elementor-column-gap-default\">\n\t\t\t\t\t<div class=\"has_ae_slider elementor-column elementor-col-50 elementor-inner-column elementor-element elementor-element-2b8a887 ae-bg-gallery-type-default\" data-id=\"2b8a887\" data-element_type=\"column\">\n\t\t\t<div class=\"elementor-widget-wrap elementor-element-populated\">\n\t\t\t\t\t\t\t\t<div class=\"elementor-element elementor-element-0ba460e elementor-widget elementor-widget-button\" data-id=\"0ba460e\" data-element_type=\"widget\" data-widget_type=\"button.default\">\n\t\t\t\t<div class=\"elementor-widget-container\">\n\t\t\t\t\t<div class=\"elementor-button-wrapper\">\n\t\t\t<a href=\"https:\/\/api.whatsapp.com\/send?phone=558537713180&#038;text=Ol%C3%A1\" target=\"_blank\" class=\"elementor-button-link elementor-button elementor-size-sm\" role=\"button\">\n\t\t\t\t\t\t<span class=\"elementor-button-content-wrapper\">\n\t\t\t\t\t\t<span class=\"elementor-button-icon elementor-align-icon-left\">\n\t\t\t\t<i aria-hidden=\"true\" class=\"fab fa-whatsapp\"><\/i>\t\t\t<\/span>\n\t\t\t\t\t\t<span class=\"elementor-button-text\">Whatsapp<\/span>\n\t\t<\/span>\n\t\t\t\t\t<\/a>\n\t\t<\/div>\n\t\t\t\t<\/div>\n\t\t\t\t<\/div>\n\t\t\t\t\t<\/div>\n\t\t<\/div>\n\t\t\t\t<div class=\"has_ae_slider elementor-column elementor-col-50 elementor-inner-column elementor-element elementor-element-6320f3d ae-bg-gallery-type-default\" data-id=\"6320f3d\" data-element_type=\"column\">\n\t\t\t<div class=\"elementor-widget-wrap elementor-element-populated\">\n\t\t\t\t\t\t\t\t<div class=\"elementor-element elementor-element-9ca5a60 elementor-widget elementor-widget-button\" data-id=\"9ca5a60\" data-element_type=\"widget\" data-widget_type=\"button.default\">\n\t\t\t\t<div class=\"elementor-widget-container\">\n\t\t\t\t\t<div class=\"elementor-button-wrapper\">\n\t\t\t<a href=\"https:\/\/www.youtube.com\/channel\/UCJy8euylfClBYyAvxvvDGCA\/featured\" target=\"_blank\" class=\"elementor-button-link elementor-button elementor-size-sm\" role=\"button\">\n\t\t\t\t\t\t<span class=\"elementor-button-content-wrapper\">\n\t\t\t\t\t\t<span class=\"elementor-button-icon elementor-align-icon-left\">\n\t\t\t\t<i aria-hidden=\"true\" class=\"fab fa-youtube\"><\/i>\t\t\t<\/span>\n\t\t\t\t\t\t<span class=\"elementor-button-text\">Youtube<\/span>\n\t\t<\/span>\n\t\t\t\t\t<\/a>\n\t\t<\/div>\n\t\t\t\t<\/div>\n\t\t\t\t<\/div>\n\t\t\t\t\t<\/div>\n\t\t<\/div>\n\t\t\t\t\t\t\t<\/div>\n\t\t<\/section>\n\t\t\t\t<section class=\"has_ae_slider elementor-section elementor-inner-section elementor-element elementor-element-5991585 elementor-section-boxed elementor-section-height-default elementor-section-height-default ae-bg-gallery-type-default\" data-id=\"5991585\" data-element_type=\"section\">\n\t\t\t\t\t\t<div class=\"elementor-container elementor-column-gap-default\">\n\t\t\t\t\t<div class=\"has_ae_slider elementor-column elementor-col-50 elementor-inner-column elementor-element elementor-element-a3d8917 ae-bg-gallery-type-default\" data-id=\"a3d8917\" data-element_type=\"column\">\n\t\t\t<div class=\"elementor-widget-wrap elementor-element-populated\">\n\t\t\t\t\t\t\t\t<div class=\"elementor-element elementor-element-2f6d9ac elementor-widget elementor-widget-button\" data-id=\"2f6d9ac\" data-element_type=\"widget\" data-widget_type=\"button.default\">\n\t\t\t\t<div class=\"elementor-widget-container\">\n\t\t\t\t\t<div class=\"elementor-button-wrapper\">\n\t\t\t<a href=\"https:\/\/premieremedicina.com.br\/\" target=\"_blank\" class=\"elementor-button-link elementor-button elementor-size-sm\" role=\"button\">\n\t\t\t\t\t\t<span class=\"elementor-button-content-wrapper\">\n\t\t\t\t\t\t<span class=\"elementor-button-icon elementor-align-icon-left\">\n\t\t\t\t<i aria-hidden=\"true\" class=\"fas fa-globe\"><\/i>\t\t\t<\/span>\n\t\t\t\t\t\t<span class=\"elementor-button-text\">Site<\/span>\n\t\t<\/span>\n\t\t\t\t\t<\/a>\n\t\t<\/div>\n\t\t\t\t<\/div>\n\t\t\t\t<\/div>\n\t\t\t\t\t<\/div>\n\t\t<\/div>\n\t\t\t\t<div class=\"has_ae_slider elementor-column elementor-col-50 elementor-inner-column elementor-element elementor-element-ecef77c ae-bg-gallery-type-default\" data-id=\"ecef77c\" data-element_type=\"column\">\n\t\t\t<div class=\"elementor-widget-wrap elementor-element-populated\">\n\t\t\t\t\t\t\t\t<div class=\"elementor-element elementor-element-7d583d8 elementor-widget elementor-widget-button\" data-id=\"7d583d8\" data-element_type=\"widget\" data-widget_type=\"button.default\">\n\t\t\t\t<div class=\"elementor-widget-container\">\n\t\t\t\t\t<div class=\"elementor-button-wrapper\">\n\t\t\t<a href=\"http:\/\/atendimento@premieremedicina.com.br\" target=\"_blank\" class=\"elementor-button-link elementor-button elementor-size-sm\" role=\"button\">\n\t\t\t\t\t\t<span class=\"elementor-button-content-wrapper\">\n\t\t\t\t\t\t<span class=\"elementor-button-icon elementor-align-icon-left\">\n\t\t\t\t<i aria-hidden=\"true\" class=\"fas fa-envelope\"><\/i>\t\t\t<\/span>\n\t\t\t\t\t\t<span class=\"elementor-button-text\">E-mail<\/span>\n\t\t<\/span>\n\t\t\t\t\t<\/a>\n\t\t<\/div>\n\t\t\t\t<\/div>\n\t\t\t\t<\/div>\n\t\t\t\t\t<\/div>\n\t\t<\/div>\n\t\t\t\t\t\t\t<\/div>\n\t\t<\/section>\n\t\t\t\t\t<\/div>\n\t\t<\/div>\n\t\t\t\t\t\t\t<\/div>\n\t\t<\/section>\n\t\t\t\t\t\t<\/div>\n\t\t\t\t\t<\/div>\n\t\t","protected":false},"excerpt":{"rendered":"<p>Clique nos \u00edcones para interagir! Facebook Instagram Whatsapp Youtube Site E-mail<\/p>\n","protected":false},"author":1,"featured_media":0,"parent":0,"menu_order":0,"comment_status":"closed","ping_status":"closed","template":"elementor_canvas","meta":{"footnotes":""},"class_list":["post-7","page","type-page","status-publish","hentry"],"yoast_head":"<!-- This site is optimized with the Yoast SEO plugin v24.4 - https:\/\/yoast.com\/wordpress\/plugins\/seo\/ -->\n<title>Cart\u00e3o Virtual Premi\u00e9re - PREMI\u00c8RE<\/title>\n<meta name=\"robots\" content=\"index, follow, max-snippet:-1, max-image-preview:large, max-video-preview:-1\" \/>\n<link rel=\"canonical\" href=\"https:\/\/adicione.net\/premiere\/cartao-virtual-premiere\/\" \/>\n<meta property=\"og:locale\" content=\"pt_BR\" \/>\n<meta property=\"og:type\" content=\"article\" \/>\n<meta property=\"og:title\" content=\"Cart\u00e3o Virtual Premi\u00e9re - PREMI\u00c8RE\" \/>\n<meta property=\"og:description\" content=\"Clique nos \u00edcones para interagir! Facebook Instagram Whatsapp Youtube Site E-mail\" \/>\n<meta property=\"og:url\" content=\"https:\/\/adicione.net\/premiere\/cartao-virtual-premiere\/\" \/>\n<meta property=\"og:site_name\" content=\"PREMI\u00c8RE\" \/>\n<meta property=\"article:modified_time\" content=\"2026-04-30T18:43:41+00:00\" \/>\n<meta property=\"og:image\" content=\"https:\/\/adicione.net\/premiere\/wp-content\/uploads\/sites\/34\/2026\/04\/logo.png\" \/>\n<meta name=\"twitter:card\" content=\"summary_large_image\" \/>\n<meta name=\"twitter:label1\" content=\"Est. tempo de leitura\" \/>\n\t<meta name=\"twitter:data1\" content=\"1 minuto\" \/>\n<script type=\"application\/ld+json\" class=\"yoast-schema-graph\">{\"@context\":\"https:\/\/schema.org\",\"@graph\":[{\"@type\":\"WebPage\",\"@id\":\"https:\/\/adicione.net\/premiere\/cartao-virtual-premiere\/\",\"url\":\"https:\/\/adicione.net\/premiere\/cartao-virtual-premiere\/\",\"name\":\"Cart\u00e3o Virtual Premi\u00e9re - PREMI\u00c8RE\",\"isPartOf\":{\"@id\":\"https:\/\/adicione.net\/premiere\/#website\"},\"primaryImageOfPage\":{\"@id\":\"https:\/\/adicione.net\/premiere\/cartao-virtual-premiere\/#primaryimage\"},\"image\":{\"@id\":\"https:\/\/adicione.net\/premiere\/cartao-virtual-premiere\/#primaryimage\"},\"thumbnailUrl\":\"https:\/\/adicione.net\/premiere\/wp-content\/uploads\/sites\/34\/2026\/04\/logo.png\",\"datePublished\":\"2026-04-30T18:14:15+00:00\",\"dateModified\":\"2026-04-30T18:43:41+00:00\",\"breadcrumb\":{\"@id\":\"https:\/\/adicione.net\/premiere\/cartao-virtual-premiere\/#breadcrumb\"},\"inLanguage\":\"pt-BR\",\"potentialAction\":[{\"@type\":\"ReadAction\",\"target\":[\"https:\/\/adicione.net\/premiere\/cartao-virtual-premiere\/\"]}]},{\"@type\":\"ImageObject\",\"inLanguage\":\"pt-BR\",\"@id\":\"https:\/\/adicione.net\/premiere\/cartao-virtual-premiere\/#primaryimage\",\"url\":\"https:\/\/adicione.net\/premiere\/wp-content\/uploads\/sites\/34\/2026\/04\/logo.png\",\"contentUrl\":\"https:\/\/adicione.net\/premiere\/wp-content\/uploads\/sites\/34\/2026\/04\/logo.png\",\"width\":141,\"height\":80},{\"@type\":\"BreadcrumbList\",\"@id\":\"https:\/\/adicione.net\/premiere\/cartao-virtual-premiere\/#breadcrumb\",\"itemListElement\":[{\"@type\":\"ListItem\",\"position\":1,\"name\":\"In\u00edcio\",\"item\":\"https:\/\/adicione.net\/premiere\/\"},{\"@type\":\"ListItem\",\"position\":2,\"name\":\"Cart\u00e3o Virtual Premi\u00e9re\"}]},{\"@type\":\"WebSite\",\"@id\":\"https:\/\/adicione.net\/premiere\/#website\",\"url\":\"https:\/\/adicione.net\/premiere\/\",\"name\":\"PREMI\u00c8RE\",\"description\":\"\",\"potentialAction\":[{\"@type\":\"SearchAction\",\"target\":{\"@type\":\"EntryPoint\",\"urlTemplate\":\"https:\/\/adicione.net\/premiere\/?s={search_term_string}\"},\"query-input\":{\"@type\":\"PropertyValueSpecification\",\"valueRequired\":true,\"valueName\":\"search_term_string\"}}],\"inLanguage\":\"pt-BR\"}]}<\/script>\n<!-- \/ Yoast SEO plugin. -->","yoast_head_json":{"title":"Cart\u00e3o Virtual Premi\u00e9re - PREMI\u00c8RE","robots":{"index":"index","follow":"follow","max-snippet":"max-snippet:-1","max-image-preview":"max-image-preview:large","max-video-preview":"max-video-preview:-1"},"canonical":"https:\/\/adicione.net\/premiere\/cartao-virtual-premiere\/","og_locale":"pt_BR","og_type":"article","og_title":"Cart\u00e3o Virtual Premi\u00e9re - PREMI\u00c8RE","og_description":"Clique nos \u00edcones para interagir! Facebook Instagram Whatsapp Youtube Site E-mail","og_url":"https:\/\/adicione.net\/premiere\/cartao-virtual-premiere\/","og_site_name":"PREMI\u00c8RE","article_modified_time":"2026-04-30T18:43:41+00:00","og_image":[{"url":"https:\/\/adicione.net\/premiere\/wp-content\/uploads\/sites\/34\/2026\/04\/logo.png","type":"","width":"","height":""}],"twitter_card":"summary_large_image","twitter_misc":{"Est. tempo de leitura":"1 minuto"},"schema":{"@context":"https:\/\/schema.org","@graph":[{"@type":"WebPage","@id":"https:\/\/adicione.net\/premiere\/cartao-virtual-premiere\/","url":"https:\/\/adicione.net\/premiere\/cartao-virtual-premiere\/","name":"Cart\u00e3o Virtual Premi\u00e9re - PREMI\u00c8RE","isPartOf":{"@id":"https:\/\/adicione.net\/premiere\/#website"},"primaryImageOfPage":{"@id":"https:\/\/adicione.net\/premiere\/cartao-virtual-premiere\/#primaryimage"},"image":{"@id":"https:\/\/adicione.net\/premiere\/cartao-virtual-premiere\/#primaryimage"},"thumbnailUrl":"https:\/\/adicione.net\/premiere\/wp-content\/uploads\/sites\/34\/2026\/04\/logo.png","datePublished":"2026-04-30T18:14:15+00:00","dateModified":"2026-04-30T18:43:41+00:00","breadcrumb":{"@id":"https:\/\/adicione.net\/premiere\/cartao-virtual-premiere\/#breadcrumb"},"inLanguage":"pt-BR","potentialAction":[{"@type":"ReadAction","target":["https:\/\/adicione.net\/premiere\/cartao-virtual-premiere\/"]}]},{"@type":"ImageObject","inLanguage":"pt-BR","@id":"https:\/\/adicione.net\/premiere\/cartao-virtual-premiere\/#primaryimage","url":"https:\/\/adicione.net\/premiere\/wp-content\/uploads\/sites\/34\/2026\/04\/logo.png","contentUrl":"https:\/\/adicione.net\/premiere\/wp-content\/uploads\/sites\/34\/2026\/04\/logo.png","width":141,"height":80},{"@type":"BreadcrumbList","@id":"https:\/\/adicione.net\/premiere\/cartao-virtual-premiere\/#breadcrumb","itemListElement":[{"@type":"ListItem","position":1,"name":"In\u00edcio","item":"https:\/\/adicione.net\/premiere\/"},{"@type":"ListItem","position":2,"name":"Cart\u00e3o Virtual Premi\u00e9re"}]},{"@type":"WebSite","@id":"https:\/\/adicione.net\/premiere\/#website","url":"https:\/\/adicione.net\/premiere\/","name":"PREMI\u00c8RE","description":"","potentialAction":[{"@type":"SearchAction","target":{"@type":"EntryPoint","urlTemplate":"https:\/\/adicione.net\/premiere\/?s={search_term_string}"},"query-input":{"@type":"PropertyValueSpecification","valueRequired":true,"valueName":"search_term_string"}}],"inLanguage":"pt-BR"}]}},"_links":{"self":[{"href":"https:\/\/adicione.net\/premiere\/wp-json\/wp\/v2\/pages\/7","targetHints":{"allow":["GET"]}}],"collection":[{"href":"https:\/\/adicione.net\/premiere\/wp-json\/wp\/v2\/pages"}],"about":[{"href":"https:\/\/adicione.net\/premiere\/wp-json\/wp\/v2\/types\/page"}],"author":[{"embeddable":true,"href":"https:\/\/adicione.net\/premiere\/wp-json\/wp\/v2\/users\/1"}],"replies":[{"embeddable":true,"href":"https:\/\/adicione.net\/premiere\/wp-json\/wp\/v2\/comments?post=7"}],"version-history":[{"count":31,"href":"https:\/\/adicione.net\/premiere\/wp-json\/wp\/v2\/pages\/7\/revisions"}],"predecessor-version":[{"id":41,"href":"https:\/\/adicione.net\/premiere\/wp-json\/wp\/v2\/pages\/7\/revisions\/41"}],"wp:attachment":[{"href":"https:\/\/adicione.net\/premiere\/wp-json\/wp\/v2\/media?parent=7"}],"curies":[{"name":"wp","href":"https:\/\/api.w.org\/{rel}","templated":true}]}}